{"id":710,"date":"2020-10-02T20:15:06","date_gmt":"2020-10-02T20:15:06","guid":{"rendered":"https:\/\/casarebeca.com\/one-page-express\/"},"modified":"2025-09-11T19:27:46","modified_gmt":"2025-09-11T19:27:46","slug":"one-page-express","status":"publish","type":"page","link":"https:\/\/casarebeca.com\/es\/","title":{"rendered":"Casa Rebeca"},"content":{"rendered":"<div  id=\"your-friends\" class=\"features-image-cards-section\" style=\"background-color: #ffffff;\" data-label=\"Your Friends\" data-id=\"features-image-cards-section\" data-category=\"features\">\n<div  class=\"gridContainer\">\n<div  class=\"features-image-cards-textrow\">\n<div  class=\"features-image-cards-textcol dynamic-color\" data-type=\"column\">\n<h2  class=\"\">Tus amigos<\/h2>\n<p  class=\"\">Esperamos verte en nuestra villa en Benidorm.<\/p>\n\n<\/div>\n<\/div>\n<div  class=\"features-image-cards-innerrow flexbox-list dark-text\" data-type=\"row\">\n<div  class=\"features-image-cards-cardcol cp4cols cp6cols-tablet\">\n<div  class=\"features-image-cards-cardrow\">\n\n<img  decoding=\"async\" class=\"features-image-cards-featimg\" src=\"https:\/\/casarebeca.com\/wp-content\/uploads\/2021\/12\/A.jpg\" alt=\"\">\n<div  class=\"features-image-cards-cardtextrow\" data-type=\"column\">\n<h4  class=\"\">Info<\/h4>\n<p  class=\"\">Ella es holandesa, habla los siguientes idiomas: holand\u00e9s e ingl\u00e9s fluidos, buen alem\u00e1n pero casi no habla espa\u00f1ol.<\/p>\n\n<\/div>\n<\/div>\n<\/div>\n<div  class=\"features-image-cards-cardcol cp4cols cp6cols-tablet\">\n<div  class=\"features-image-cards-cardrow\">\n\n<img  decoding=\"async\" class=\"features-image-cards-featimg\" src=\"https:\/\/casarebeca.com\/wp-content\/uploads\/2020\/11\/7c191904bd40480acdf0d6722d2a625c.jpg\">\n<div  class=\"features-image-cards-cardtextrow\" data-type=\"column\">\n<h4  class=\"\"><\/h4>\n<p  class=\"\"><\/p>\n\n<\/div>\n<\/div>\n<\/div>\n<div  class=\"features-image-cards-cardcol cp4cols cp6cols-tablet\">\n<div  class=\"features-image-cards-cardrow\">\n\n<img  decoding=\"async\" class=\"features-image-cards-featimg\" src=\"https:\/\/casarebeca.com\/wp-content\/uploads\/2021\/12\/H.jpg\" alt=\"\">\n<div  class=\"features-image-cards-cardtextrow\" data-type=\"column\">\n<h4  class=\"\">Info<\/h4>\n<p  class=\"\">Es holand\u00e9s, habla los siguientes idiomas: holand\u00e9s e ingl\u00e9s con fluidez y habla un poco de espa\u00f1ol.<\/p>\n\n<\/div>\n<\/div>\n<\/div>\n<\/div>\n<\/div>\n<\/div><div  id=\"about\" class=\"content-left-image-section\" style=\"background-color: #f6f6f6;\" data-label=\"About\" data-id=\"content-image-left\" data-category=\"content\">\n<div  class=\"gridContainer\">\n<div  class=\"row\">\n<div  class=\"content-left-image-imgcol\" data-type=\"column\"><img  decoding=\"async\" class=\"\" src=\"https:\/\/casarebeca.com\/wp-content\/uploads\/2020\/09\/IMG-3013-1.jpg\"><\/div>\n<div  class=\"content-left-image-textcol dynamic-color\" data-type=\"column\">\n<h2  class=\"\">Casa Rebeca<\/h2>\n<p  class=\"large_text\">Casa Rebeca es donde nos sentimos como en casa, invitamos a nuestros amigos y amamos estar.\n\n\nNos gusta hacer nuestra vida lo m\u00e1s divertida posible, nos encanta invitar a amigos los fines de semana para una reuni\u00f3n agradable y celebrar la vida al m\u00e1ximo.\n\nEspero que seas una de las personas a las que podemos llamar a nuestros amigos, si es as\u00ed, ya tienes nuestros datos de contacto, si no\u2026 .. por favor llena el formulario de contacto a continuaci\u00f3n o env\u00eda un WhatsApp.\n\n\n\nEspero conocerte pronto.<\/p>\n\n<\/div>\n<\/div>\n<\/div>\n<\/div><div  id=\"maps\" class=\"content-right-image-section content-image-right\" style=\"background-color: #ffffff;\" data-label=\"Maps\" data-id=\"content-image-right\" data-category=\"content\">\n<div  class=\"gridContainer\">\n<div  class=\"content-right-image-gridcol\">\n<div  class=\"content-right-image-textcol dynamic-color\" data-type=\"column\">\n<h2  class=\"\">Nos puedes encontrar<\/h2>\n<p  class=\"large_text\">Puedes encontrar Casa Rebeca en:\n\n\nPartida Lliriets 17\n\n03502 Benidorm\n\nEspa\u00f1a\n\n\nWhatsApp:&nbsp;<a class=\"\" href=\"https:\/\/wa.me\/34865620360\" target=\"_blank\" rel=\"noopener noreferrer\">+34 865 620 360<\/a>\n\nPero recuerde, amamos a nuestros amigos pero nunca nos presentamos sin ser invitados, tambi\u00e9n amamos nuestra privacidad.<\/p>\n<a class=\"button blue\" href=\"https:\/\/www.google.com\/maps\/place\/Partida+Lliriets,+17,+03502+Benidorm,+Alacant\/@38.5526783,-0.1380722,55a,35y,7.51h,58.95t\/data=!3m1!1e3!4m6!3m5!1s0xd6204bbd4a65e91:0x7ffe314aec17643a!8m2!3d38.5535587!4d-0.1377435!16s%2Fg%2F11crw2cn8h?hl=nl&amp;entry=ttu\" target=\"_blank\" rel=\"noopener noreferrer\">Google Maps Link<\/a>\n\n<\/div>\n<div  class=\"content-right-image-imgcol\" data-type=\"column\">\n<p  class=\"\"><\/p><p  class=\"\"><\/p><p  class=\"\"><iframe  src=\"https:\/\/www.google.com\/maps\/embed?pb=!1m18!1m12!1m3!1d446.75427379518874!2d-0.13810255573202743!3d38.553447564333766!2m3!1f0!2f0!3f0!3m2!1i1024!2i768!4f13.1!3m3!1m2!1s0x246b9fe60d965603%3A0xefcf438c9f2fbfd5!2sCasa%20Rebeca!5e1!3m2!1snl!2ses!4v1685285890938!5m2!1snl!2ses\" width=\"600\" height=\"450\" allowfullscreen=\"\" loading=\"lazy\" referrerpolicy=\"no-referrer-when-downgrade\"><\/iframe><\/p><br  class=\"\">\n\n<\/div>\n<\/div>\n<\/div>\n<\/div><div  data-label=\"Music\" data-id=\"stripped-about-four-boxes-section\" data-category=\"overlapable\" class=\"stripped-about-four-boxes-section\" data-overlap=\"true\" id=\"music\" style=\"background-color: rgb(255, 255, 255);\"> <div  class=\"gridContainer\"> <div  class=\"about-four-boxes-innerrow flexbox-list\"> <div  class=\"about-four-boxes-imgcol\" data-bg=\"image\" style=\"background-image: url(&quot;https:\/\/casarebeca.com\/wp-content\/uploads\/2025\/09\/dubai-dj-2-wide-logo-1.png&quot;);\"><\/div> <div  class=\"about-four-boxes-textcol\" data-type=\"column\"> <h6  class=\"\">Deviate.dj &amp; henkagain\u2026<\/h6> <h2  class=\"\">Encu\u00e9ntrame en:<\/h2>  <a href=\"https:\/\/open.spotify.com\/artist\/0D8urvAFqPeLUSDaKkliJr\" class=\"\" target=\"_blank\" rel=\"noopener\">Spotify \u2013 <\/a><a href=\"https:\/\/music.apple.com\/be\/artist\/deviate-dj-henkagain\/1819745279\" class=\"\" target=\"_blank\" rel=\"noopener\">Apple Music \u2013 <\/a><a href=\"https:\/\/link.deezer.com\/s\/3114Ftthp4HtDjXJVAX6S\" class=\"\" target=\"_blank\" rel=\"noopener\">Deezer \u2013 <\/a><a href=\"https:\/\/tidal.com\/browse\/artist\/61895275?u=undefined\" class=\"\" target=\"_blank\" rel=\"noopener\">Tidal \u2013 <\/a><a href=\"https:\/\/music.amazon.com\/artists\/B0FCYVVFF3\/deviate-dj-henkagain\" class=\"\" target=\"_blank\" rel=\"noopener\">Amazon \u2013 <\/a><a href=\"https:\/\/music.youtube.com\/channel\/UCYSYlbXzTL7uaRto_seEVfA\" class=\"\" target=\"_blank\" rel=\"noopener\">YouTube \u2013 <\/a><a href=\"https:\/\/www.facebook.com\/DeviateDJ.Henkagain\" class=\"\" target=\"_blank\" rel=\"noopener\">Facebook \u2013 <\/a><a href=\"https:\/\/www.instagram.com\/DeviateDJ.Henkagain\" class=\"\" target=\"_blank\" rel=\"noopener\">Instagram \u2013 <\/a><a href=\"https:\/\/x.com\/DeviateDj\" class=\"\" target=\"_blank\" rel=\"noopener\">X \u2013 <\/a><a href=\"https:\/\/www.tiktok.com\/@deviate.dj.henkagain\" class=\"\" target=\"_blank\" rel=\"noopener\">TikTok<\/a><\/div> <div  class=\"about-four-boxes-textcol\" data-type=\"column\"> <h6  class=\"\">slik&amp;co<\/h6> <h2  class=\"\">Encu\u00e9ntrame en:<\/h2>  <a href=\"https:\/\/open.spotify.com\/artist\/6RNieraqbtw4KKtbF0DymM\" class=\"\" target=\"_blank\" rel=\"noopener\">Spotify \u2013 <\/a><a href=\"https:\/\/music.apple.com\/be\/artist\/slik-co\/1836618459\" class=\"\" target=\"_blank\" rel=\"noopener\">Apple Music \u2013 <\/a><a href=\"https:\/\/link.deezer.com\/s\/30ZhszIzzEpZ9Bz7gvhxo\" class=\"\" target=\"_blank\" rel=\"noopener\">Deezer \u2013 <\/a><a href=\"https:\/\/tidal.com\/browse\/artist\/65955456?u=undefined\" class=\"\" target=\"_blank\" rel=\"noopener\">Tidal \u2013 <\/a><a href=\"https:\/\/music.amazon.com\/artists\/B0FNPZT3WY\/slik-co\" class=\"\" target=\"_blank\" rel=\"noopener\">Amazon \u2013 <\/a><a href=\"https:\/\/music.youtube.com\/channel\/UCKxP2OllXxT4MJqKZUJ0RdA\" class=\"\" target=\"_blank\" rel=\"noopener\">YouTube \u2013 <\/a><a href=\"https:\/\/www.facebook.com\/slikco\" class=\"\" target=\"_blank\" rel=\"noopener\">Facebook \u2013 <\/a><a href=\"https:\/\/www.instagram.com\/slik_en_co\" class=\"\" target=\"_blank\" rel=\"noopener\">Instagram \u2013 <\/a><a href=\"https:\/\/x.com\/Slik_Co\" class=\"\" target=\"_blank\" rel=\"noopener\">X \u2013 <\/a><a href=\"https:\/\/www.tiktok.com\/@slik_co\" class=\"\" target=\"_blank\" rel=\"noopener\">TikTok<\/a><\/div> <div  class=\"about-four-boxes-imgcol2\" data-bg=\"image\" style=\"background-image: url(&quot;https:\/\/casarebeca.com\/wp-content\/uploads\/2025\/09\/site-Artist.jpg&quot;);\"><\/div> <\/div> <\/div><\/div><div  id=\"contact-4\" class=\"contact-section-formsection white-text\" style=\"background-image: url(''); background-size: auto 970px; background-position: center top 76.05784524700599%; background-repeat: no-repeat no-repeat;\" data-label=\"Contact\" data-id=\"contact-section\" data-category=\"contact\" data-bg=\"transparent\">\n<div  class=\"gridContainer\">\n<div  class=\"row_224\">\n<div  class=\"contact-textrow\">\n<div  class=\"contact-textcol dynamic-color\">\n<h2  class=\"\">Contacto<\/h2>\n<p  class=\"white_text\">\u00bfTienes una pregunta? \u00a1Rellene el formulario!<\/p>\n\n<\/div>\n<\/div>\n<\/div>\n<div  class=\"contact-formcol\" data-content-shortcode=\"one_page_express_contact_form shortcode=&quot;contact-form-7 id=&amp;amp;quot;712&amp;amp;quot; title=&amp;amp;quot;Contact&amp;amp;quot;&quot;\" data-editable=\"true\">\n<div class=\"wpcf7 no-js\" id=\"wpcf7-f712-o1\" lang=\"en-US\" dir=\"ltr\" data-wpcf7-id=\"712\">\n<div class=\"screen-reader-response\"><p role=\"status\" aria-live=\"polite\" aria-atomic=\"true\"><\/p> <ul><\/ul><\/div>\n<form action=\"\/es\/wp-json\/wp\/v2\/pages\/710#wpcf7-f712-o1\" method=\"post\" class=\"wpcf7-form init\" aria-label=\"Contact form\" novalidate=\"novalidate\" data-status=\"init\" data-trp-original-action=\"\/es\/wp-json\/wp\/v2\/pages\/710#wpcf7-f712-o1\">\n<fieldset class=\"hidden-fields-container\"><input type=\"hidden\" name=\"_wpcf7\" value=\"712\" \/><input type=\"hidden\" name=\"_wpcf7_version\" value=\"6.1.4\" \/><input type=\"hidden\" name=\"_wpcf7_locale\" value=\"en_US\" \/><input type=\"hidden\" name=\"_wpcf7_unit_tag\" value=\"wpcf7-f712-o1\" \/><input type=\"hidden\" name=\"_wpcf7_container_post\" value=\"0\" \/><input type=\"hidden\" name=\"_wpcf7_posted_data_hash\" value=\"\" \/><input type=\"hidden\" name=\"_wpcf7_recaptcha_response\" value=\"\" \/>\n<\/fieldset>\n<p><label> Tu nombre (requerido)<br \/>\n<span class=\"wpcf7-form-control-wrap\" data-name=\"your-name\"><input size=\"40\" maxlength=\"400\" class=\"wpcf7-form-control wpcf7-text wpcf7-validates-as-required\" aria-required=\"true\" aria-invalid=\"false\" value=\"\" type=\"text\" name=\"your-name\" \/><\/span> <\/label>\n<\/p>\n<p><label> Tu Email (requerido)<br \/>\n<span class=\"wpcf7-form-control-wrap\" data-name=\"your-email\"><input size=\"40\" maxlength=\"400\" class=\"wpcf7-form-control wpcf7-email wpcf7-validates-as-required wpcf7-text wpcf7-validates-as-email\" aria-required=\"true\" aria-invalid=\"false\" value=\"\" type=\"email\" name=\"your-email\" \/><\/span> <\/label>\n<\/p>\n<p><label> Sujeto<br \/>\n<span class=\"wpcf7-form-control-wrap\" data-name=\"your-subject\"><input size=\"40\" maxlength=\"400\" class=\"wpcf7-form-control wpcf7-text\" aria-invalid=\"false\" value=\"\" type=\"text\" name=\"your-subject\" \/><\/span> <\/label>\n<\/p>\n<p><label> Tu mensaje<br \/>\n<span class=\"wpcf7-form-control-wrap\" data-name=\"your-message\"><textarea cols=\"40\" rows=\"10\" maxlength=\"2000\" class=\"wpcf7-form-control wpcf7-textarea\" aria-invalid=\"false\" name=\"your-message\"><\/textarea><\/span> <\/label>\n<\/p>\n<p><input class=\"wpcf7-form-control wpcf7-submit has-spinner\" type=\"submit\" value=\"Enviar\" \/>\n<\/p><div class=\"wpcf7-response-output\" aria-hidden=\"true\"><\/div>\n<input type=\"hidden\" name=\"trp-form-language\" value=\"es\"\/><\/form>\n<\/div>\n<\/div>\n<\/div>\n<\/div>","protected":false},"excerpt":{"rendered":"<p>Your Friends We hope to see you at our villa in Benidorm. Info She is Dutch, speaks the following languages: fluent Dutch and English, good in German but speaks almost no Spanish. Info He is Dutch, speaks the following languages: fluent Dutch and English and speaks a little Spanish. Casa Rebeca Casa Rebeca is where&hellip; <br \/> <a class=\"button small blue\" href=\"https:\/\/casarebeca.com\/es\/\">Leer m\u00e1s<\/a><\/p>","protected":false},"author":1,"featured_media":960,"parent":0,"menu_order":0,"comment_status":"closed","ping_status":"closed","template":"","meta":{"_seopress_robots_primary_cat":"","_seopress_titles_title":"","_seopress_titles_desc":"","_seopress_robots_index":"","footnotes":""},"class_list":["post-710","page","type-page","status-publish","has-post-thumbnail","hentry"],"_links":{"self":[{"href":"https:\/\/casarebeca.com\/es\/wp-json\/wp\/v2\/pages\/710","targetHints":{"allow":["GET"]}}],"collection":[{"href":"https:\/\/casarebeca.com\/es\/wp-json\/wp\/v2\/pages"}],"about":[{"href":"https:\/\/casarebeca.com\/es\/wp-json\/wp\/v2\/types\/page"}],"author":[{"embeddable":true,"href":"https:\/\/casarebeca.com\/es\/wp-json\/wp\/v2\/users\/1"}],"replies":[{"embeddable":true,"href":"https:\/\/casarebeca.com\/es\/wp-json\/wp\/v2\/comments?post=710"}],"version-history":[{"count":82,"href":"https:\/\/casarebeca.com\/es\/wp-json\/wp\/v2\/pages\/710\/revisions"}],"predecessor-version":[{"id":1109,"href":"https:\/\/casarebeca.com\/es\/wp-json\/wp\/v2\/pages\/710\/revisions\/1109"}],"wp:featuredmedia":[{"embeddable":true,"href":"https:\/\/casarebeca.com\/es\/wp-json\/wp\/v2\/media\/960"}],"wp:attachment":[{"href":"https:\/\/casarebeca.com\/es\/wp-json\/wp\/v2\/media?parent=710"}],"curies":[{"name":"wp","href":"https:\/\/api.w.org\/{rel}","templated":true}]}}